{"id":21649,"date":"2025-03-07T11:03:45","date_gmt":"2025-03-07T10:03:45","guid":{"rendered":"https:\/\/www.bbk-sachsenanhalt.de\/school-project-application-form-for-schools\/"},"modified":"2026-03-10T12:05:23","modified_gmt":"2026-03-10T11:05:23","slug":"school-project-application-form-for-schools","status":"publish","type":"page","link":"https:\/\/www.bbk-sachsenanhalt.de\/en\/school-project-application-form-for-schools\/","title":{"rendered":"School project application form (for schools)"},"content":{"rendered":"\n<style id=\"wpforms-css-vars-34195\">\n\t\t\t\t#wpforms-34195 {\n\t\t\t\t--wpforms-field-border-color: rgba(0, 0, 0, 0.25);\n--wpforms-field-border-color-spare: rgba(0, 0, 0, 0.25);\n--wpforms-field-text-color: rgba(0, 0, 0, 0.7);\n--wpforms-label-color: rgba(0, 0, 0, 0.85);\n--wpforms-label-sublabel-color: rgba(0, 0, 0, 0.55);\n--wpforms-button-background-color: #dc092f;\n--wpforms-container-padding: 0px;\n--wpforms-container-border-width: 1px;\n--wpforms-container-border-radius: 3px;\n--wpforms-background-color: rgba(0, 0, 0, 0);\n--wpforms-field-size-input-height: 43px;\n--wpforms-field-size-input-spacing: 15px;\n--wpforms-field-size-font-size: 16px;\n--wpforms-field-size-line-height: 19px;\n--wpforms-field-size-padding-h: 14px;\n--wpforms-field-size-checkbox-size: 16px;\n--wpforms-field-size-sublabel-spacing: 5px;\n--wpforms-field-size-icon-size: 1;\n--wpforms-label-size-font-size: 16px;\n--wpforms-label-size-line-height: 19px;\n--wpforms-label-size-sublabel-font-size: 14px;\n--wpforms-label-size-sublabel-line-height: 17px;\n--wpforms-button-size-font-size: 17px;\n--wpforms-button-size-height: 41px;\n--wpforms-button-size-padding-h: 15px;\n--wpforms-button-size-margin-top: 10px;\n--wpforms-container-shadow-size-box-shadow: none;\n\t\t\t}\n\t\t\t<\/style><div class=\"wpforms-container wpforms-container-full wpforms-render-modern\" id=\"wpforms-34195\"><form id=\"wpforms-form-34195\" class=\"wpforms-validate wpforms-form wpforms-ajax-form\" data-formid=\"34195\" method=\"post\" enctype=\"multipart\/form-data\" action=\"\/en\/wp-json\/wp\/v2\/pages\/21649\" data-token=\"c83de41057eeccfd8ab16d97bf0ed9d9\" data-token-time=\"1778336226\"><noscript class=\"wpforms-error-noscript\">Please enable JavaScript in your browser to complete this form.<\/noscript><div id=\"wpforms-error-noscript\" style=\"display: none;\">Please enable JavaScript in your browser to complete this form.<\/div><div class=\"wpforms-field-container\"><div id=\"wpforms-34195-field_2-container\" class=\"wpforms-field wpforms-field-name\" data-field-id=\"2\"><label class=\"wpforms-field-label\" for=\"wpforms-34195-field_2\">1. Name der Schule <span class=\"wpforms-required-label\" aria-hidden=\"true\">*<\/span><\/label><input type=\"text\" id=\"wpforms-34195-field_2\" class=\"wpforms-field-medium wpforms-field-required\" name=\"wpforms[fields][2]\" aria-errormessage=\"wpforms-34195-field_2-error\" required><\/div><div id=\"wpforms-34195-field_4-container\" class=\"wpforms-field wpforms-field-textarea\" data-field-id=\"4\"><label class=\"wpforms-field-label\" for=\"wpforms-34195-field_4\">2. Postanschrift der Schule <span class=\"wpforms-required-label\" aria-hidden=\"true\">*<\/span><\/label><textarea id=\"wpforms-34195-field_4\" class=\"wpforms-field-medium wpforms-field-required\" name=\"wpforms[fields][4]\" aria-errormessage=\"wpforms-34195-field_4-error\" required><\/textarea><\/div><div id=\"wpforms-34195-field_33-container\" class=\"wpforms-field wpforms-field-name\" data-field-id=\"33\"><fieldset><legend class=\"wpforms-field-label\">3. Name der Ansprechpartner*in <span class=\"wpforms-required-label\" aria-hidden=\"true\">*<\/span><\/legend><div class=\"wpforms-field-row wpforms-field-medium\"><div class=\"wpforms-field-row-block wpforms-first wpforms-one-half\"><input type=\"text\" id=\"wpforms-34195-field_33\" class=\"wpforms-field-name-first wpforms-field-required\" name=\"wpforms[fields][33][first]\" aria-errormessage=\"wpforms-34195-field_33-error\" required><label for=\"wpforms-34195-field_33\" class=\"wpforms-field-sublabel after\">First<\/label><\/div><div class=\"wpforms-field-row-block wpforms-one-half\"><input type=\"text\" id=\"wpforms-34195-field_33-last\" class=\"wpforms-field-name-last wpforms-field-required\" name=\"wpforms[fields][33][last]\" aria-errormessage=\"wpforms-34195-field_33-last-error\" required><label for=\"wpforms-34195-field_33-last\" class=\"wpforms-field-sublabel after\">Last<\/label><\/div><\/div><\/fieldset><\/div><div id=\"wpforms-34195-field_3-container\" class=\"wpforms-field wpforms-field-email\" data-field-id=\"3\"><label class=\"wpforms-field-label\" for=\"wpforms-34195-field_3\">4.  E-Mail-Adresse Ansprechpartner*in <span class=\"wpforms-required-label\" aria-hidden=\"true\">*<\/span><\/label><input type=\"email\" id=\"wpforms-34195-field_3\" class=\"wpforms-field-medium wpforms-field-required\" name=\"wpforms[fields][3]\" spellcheck=\"false\" aria-errormessage=\"wpforms-34195-field_3-error\" required><\/div><div id=\"wpforms-34195-field_5-container\" class=\"wpforms-field wpforms-field-number\" data-field-id=\"5\"><label class=\"wpforms-field-label\" for=\"wpforms-34195-field_5\">5. Telefonnummer Ansprechpartner*in, m\u00f6glichst Mobil-Nr. <span class=\"wpforms-required-label\" aria-hidden=\"true\">*<\/span><\/label><input type=\"number\" id=\"wpforms-34195-field_5\" class=\"wpforms-field-medium wpforms-field-required\" name=\"wpforms[fields][5]\" step=\"any\" aria-errormessage=\"wpforms-34195-field_5-error\" required><\/div><div id=\"wpforms-34195-field_32-container\" class=\"wpforms-field wpforms-field-textarea\" data-field-id=\"32\"><label class=\"wpforms-field-label\" for=\"wpforms-34195-field_32\">6. Ortsangabe (falls abweichend von der Anschrift)<\/label><textarea id=\"wpforms-34195-field_32\" class=\"wpforms-field-medium\" name=\"wpforms[fields][32]\" aria-errormessage=\"wpforms-34195-field_32-error\" ><\/textarea><\/div><div id=\"wpforms-34195-field_7-container\" class=\"wpforms-field wpforms-field-textarea\" data-field-id=\"7\"><label class=\"wpforms-field-label\" for=\"wpforms-34195-field_7\">7. Gew\u00fcnschter Durchf\u00fchrungszeitraum<\/label><textarea id=\"wpforms-34195-field_7\" class=\"wpforms-field-medium\" name=\"wpforms[fields][7]\" aria-errormessage=\"wpforms-34195-field_7-error\" ><\/textarea><\/div>\t\t<div id=\"wpforms-34195-field_1-container\"\n\t\t\tclass=\"wpforms-field wpforms-field-text\"\n\t\t\tdata-field-type=\"text\"\n\t\t\tdata-field-id=\"1\"\n\t\t\t>\n\t\t\t<label class=\"wpforms-field-label\" for=\"wpforms-34195-field_1\" >Name Voraussetzung m\u00f6glichst<\/label>\n\t\t\t<input type=\"text\" id=\"wpforms-34195-field_1\" class=\"wpforms-field-medium\" name=\"wpforms[fields][1]\" >\n\t\t<\/div>\n\t\t<div id=\"wpforms-34195-field_31-container\" class=\"wpforms-field wpforms-field-textarea\" data-field-id=\"31\"><label class=\"wpforms-field-label\" for=\"wpforms-34195-field_31\">8. Voraussichtliche Anzahl der Sch\u00fcler*innen<\/label><textarea id=\"wpforms-34195-field_31\" class=\"wpforms-field-medium\" name=\"wpforms[fields][31]\" aria-errormessage=\"wpforms-34195-field_31-error\" ><\/textarea><\/div><div id=\"wpforms-34195-field_34-container\" class=\"wpforms-field wpforms-field-checkbox\" data-field-id=\"34\"><fieldset><legend class=\"wpforms-field-label\">9. M\u00f6gliche Sparten des Projekts<\/legend><ul id=\"wpforms-34195-field_34\"><li class=\"choice-1 depth-1\"><input type=\"checkbox\" id=\"wpforms-34195-field_34_1\" name=\"wpforms[fields][34][]\" value=\"Malerei\" aria-errormessage=\"wpforms-34195-field_34_1-error\"  ><label class=\"wpforms-field-label-inline\" for=\"wpforms-34195-field_34_1\">Malerei<\/label><\/li><li class=\"choice-2 depth-1\"><input type=\"checkbox\" id=\"wpforms-34195-field_34_2\" name=\"wpforms[fields][34][]\" value=\"Grafik\" aria-errormessage=\"wpforms-34195-field_34_2-error\"  ><label class=\"wpforms-field-label-inline\" for=\"wpforms-34195-field_34_2\">Grafik<\/label><\/li><li class=\"choice-3 depth-1\"><input type=\"checkbox\" id=\"wpforms-34195-field_34_3\" name=\"wpforms[fields][34][]\" value=\"Buchkunst\" aria-errormessage=\"wpforms-34195-field_34_3-error\"  ><label class=\"wpforms-field-label-inline\" for=\"wpforms-34195-field_34_3\">Buchkunst<\/label><\/li><li class=\"choice-10 depth-1\"><input type=\"checkbox\" id=\"wpforms-34195-field_34_10\" name=\"wpforms[fields][34][]\" value=\"Film\/Video\" aria-errormessage=\"wpforms-34195-field_34_10-error\"  ><label class=\"wpforms-field-label-inline\" for=\"wpforms-34195-field_34_10\">Film\/Video<\/label><\/li><li class=\"choice-9 depth-1\"><input type=\"checkbox\" id=\"wpforms-34195-field_34_9\" name=\"wpforms[fields][34][]\" value=\"Glas\" aria-errormessage=\"wpforms-34195-field_34_9-error\"  ><label class=\"wpforms-field-label-inline\" for=\"wpforms-34195-field_34_9\">Glas<\/label><\/li><li class=\"choice-8 depth-1\"><input type=\"checkbox\" id=\"wpforms-34195-field_34_8\" name=\"wpforms[fields][34][]\" value=\"Keramik\" aria-errormessage=\"wpforms-34195-field_34_8-error\"  ><label class=\"wpforms-field-label-inline\" for=\"wpforms-34195-field_34_8\">Keramik<\/label><\/li><li class=\"choice-7 depth-1\"><input type=\"checkbox\" id=\"wpforms-34195-field_34_7\" name=\"wpforms[fields][34][]\" value=\"Installation\/Objekt\" aria-errormessage=\"wpforms-34195-field_34_7-error\"  ><label class=\"wpforms-field-label-inline\" for=\"wpforms-34195-field_34_7\">Installation\/Objekt<\/label><\/li><li class=\"choice-6 depth-1\"><input type=\"checkbox\" id=\"wpforms-34195-field_34_6\" name=\"wpforms[fields][34][]\" value=\"Schmuck\" aria-errormessage=\"wpforms-34195-field_34_6-error\"  ><label class=\"wpforms-field-label-inline\" for=\"wpforms-34195-field_34_6\">Schmuck<\/label><\/li><li class=\"choice-5 depth-1\"><input type=\"checkbox\" id=\"wpforms-34195-field_34_5\" name=\"wpforms[fields][34][]\" value=\"Textil\" aria-errormessage=\"wpforms-34195-field_34_5-error\"  ><label class=\"wpforms-field-label-inline\" for=\"wpforms-34195-field_34_5\">Textil<\/label><\/li><li class=\"choice-4 depth-1\"><input type=\"checkbox\" id=\"wpforms-34195-field_34_4\" name=\"wpforms[fields][34][]\" value=\"Spielmittel\" aria-errormessage=\"wpforms-34195-field_34_4-error\"  ><label class=\"wpforms-field-label-inline\" for=\"wpforms-34195-field_34_4\">Spielmittel<\/label><\/li><li class=\"choice-12 depth-1\"><input type=\"checkbox\" id=\"wpforms-34195-field_34_12\" name=\"wpforms[fields][34][]\" value=\"Sonstiges\" aria-errormessage=\"wpforms-34195-field_34_12-error\"  ><label class=\"wpforms-field-label-inline\" for=\"wpforms-34195-field_34_12\">Sonstiges<\/label><\/li><\/ul><\/fieldset><\/div><div id=\"wpforms-34195-field_35-container\" class=\"wpforms-field wpforms-field-textarea\" data-field-id=\"35\"><label class=\"wpforms-field-label\" for=\"wpforms-34195-field_35\">10. Sonstige Sparte<\/label><textarea id=\"wpforms-34195-field_35\" class=\"wpforms-field-medium\" name=\"wpforms[fields][35]\" aria-errormessage=\"wpforms-34195-field_35-error\" aria-describedby=\"wpforms-34195-field_35-description\" ><\/textarea><div id=\"wpforms-34195-field_35-description\" class=\"wpforms-field-description\">Bitte tragen Sie hier weitere Sparten ein, wenn Sie \"Sonstiges\" angeklickt haben.<\/div><\/div><div id=\"wpforms-34195-field_28-container\" class=\"wpforms-field wpforms-field-textarea\" data-field-id=\"28\"><label class=\"wpforms-field-label\" for=\"wpforms-34195-field_28\">11. Anforderungen an K\u00fcnstler*in<\/label><textarea id=\"wpforms-34195-field_28\" class=\"wpforms-field-medium\" name=\"wpforms[fields][28]\" aria-errormessage=\"wpforms-34195-field_28-error\" ><\/textarea><\/div><div id=\"wpforms-34195-field_29-container\" class=\"wpforms-field wpforms-field-textarea\" data-field-id=\"29\"><label class=\"wpforms-field-label\" for=\"wpforms-34195-field_29\">12. Zielgruppe des Projekts<\/label><textarea id=\"wpforms-34195-field_29\" class=\"wpforms-field-medium\" name=\"wpforms[fields][29]\" aria-errormessage=\"wpforms-34195-field_29-error\" ><\/textarea><\/div><div id=\"wpforms-34195-field_9-container\" class=\"wpforms-field wpforms-field-checkbox\" data-field-id=\"9\"><fieldset><legend class=\"wpforms-field-label\">13. Unsere Schule ist bereit, die Materialkosten f\u00fcr das Projekt zu \u00fcbernehmen. (Dies ist Voraussetzung f\u00fcr die Teilnahme.) <span class=\"wpforms-required-label\" aria-hidden=\"true\">*<\/span><\/legend><ul id=\"wpforms-34195-field_9\" class=\"wpforms-field-required\"><li class=\"choice-1 depth-1\"><input type=\"checkbox\" id=\"wpforms-34195-field_9_1\" name=\"wpforms[fields][9][]\" value=\"Ja\" aria-errormessage=\"wpforms-34195-field_9_1-error\" required ><label class=\"wpforms-field-label-inline\" for=\"wpforms-34195-field_9_1\">Ja<\/label><\/li><\/ul><\/fieldset><\/div><div id=\"wpforms-34195-field_20-container\" class=\"wpforms-field wpforms-field-checkbox\" data-field-id=\"20\"><fieldset><legend class=\"wpforms-field-label\">14. Mit der Einreichung des Anmeldeformulars akzeptiere ich die Teilnahmebedingungen des Veranstalters BBK Sachsen-Anhalt e.V. <span class=\"wpforms-required-label\" aria-hidden=\"true\">*<\/span><\/legend><ul id=\"wpforms-34195-field_20\" class=\"wpforms-field-required\"><li class=\"choice-1 depth-1\"><input type=\"checkbox\" id=\"wpforms-34195-field_20_1\" name=\"wpforms[fields][20][]\" value=\"Ja\" aria-errormessage=\"wpforms-34195-field_20_1-error\" aria-describedby=\"wpforms-34195-field_20-description\" required ><label class=\"wpforms-field-label-inline\" for=\"wpforms-34195-field_20_1\">Ja<\/label><\/li><\/ul><div id=\"wpforms-34195-field_20-description\" class=\"wpforms-field-description\">Siehe Link zur vollst\u00e4ndigen Ausschreibung mit Teilnahmebedingungen im oberen Teil dieser Seite.<\/div><\/fieldset><\/div><script>\n\t\t\t\t( function() {\n\t\t\t\t\tconst style = document.createElement( 'style' );\n\t\t\t\t\tstyle.appendChild( document.createTextNode( '#wpforms-34195-field_1-container { position: absolute !important; overflow: hidden !important; display: inline !important; height: 1px !important; width: 1px !important; z-index: -1000 !important; padding: 0 !important; } #wpforms-34195-field_1-container input { visibility: hidden; } #wpforms-conversational-form-page #wpforms-34195-field_1-container label { counter-increment: none; }' ) );\n\t\t\t\t\tdocument.head.appendChild( style );\n\t\t\t\t\tdocument.currentScript?.remove();\n\t\t\t\t} )();\n\t\t\t<\/script><\/div><!-- .wpforms-field-container --><div class=\"wpforms-submit-container\" ><input type=\"hidden\" name=\"wpforms[id]\" value=\"34195\"><input type=\"hidden\" name=\"page_title\" value=\"\"><input type=\"hidden\" name=\"page_url\" value=\"https:\/\/www.bbk-sachsenanhalt.de\/en\/wp-json\/wp\/v2\/pages\/21649\"><input type=\"hidden\" name=\"url_referer\" value=\"\"><button type=\"submit\" name=\"wpforms[submit]\" id=\"wpforms-submit-34195\" class=\"wpforms-submit\" data-alt-text=\"Wird gesendet\u00a0\u2026\" data-submit-text=\"Absenden\" aria-live=\"assertive\" value=\"wpforms-submit\">Absenden<\/button><img loading=\"lazy\" decoding=\"async\" src=\"https:\/\/www.bbk-sachsenanhalt.de\/wp-content\/plugins\/wpforms-lite\/assets\/images\/submit-spin.svg\" class=\"wpforms-submit-spinner\" style=\"display: none;\" width=\"26\" height=\"26\" alt=\"Loading\"><\/div><\/form><\/div>  <!-- .wpforms-container -->\n","protected":false},"excerpt":{"rendered":"","protected":false},"author":2,"featured_media":0,"parent":0,"menu_order":0,"comment_status":"closed","ping_status":"closed","template":"","meta":{"_acf_changed":false,"footnotes":""},"class_list":["post-21649","page","type-page","status-publish","hentry"],"acf":[],"yoast_head":"<!-- This site is optimized with the Yoast SEO plugin v27.3 - https:\/\/yoast.com\/product\/yoast-seo-wordpress\/ -->\n<title>School project application form (for schools) - BBK - Sachsen-Anhalt e.V.<\/title>\n<meta name=\"robots\" content=\"index, follow, max-snippet:-1, max-image-preview:large, max-video-preview:-1\" \/>\n<link rel=\"canonical\" href=\"https:\/\/www.bbk-sachsenanhalt.de\/en\/school-project-application-form-for-schools\/\" \/>\n<meta property=\"og:locale\" content=\"en_US\" \/>\n<meta property=\"og:type\" content=\"article\" \/>\n<meta property=\"og:title\" content=\"School project application form (for schools) - BBK - Sachsen-Anhalt e.V.\" \/>\n<meta property=\"og:url\" content=\"https:\/\/www.bbk-sachsenanhalt.de\/en\/school-project-application-form-for-schools\/\" \/>\n<meta property=\"og:site_name\" content=\"BBK - Sachsen-Anhalt e.V.\" \/>\n<meta property=\"article:modified_time\" content=\"2026-03-10T11:05:23+00:00\" \/>\n<meta name=\"twitter:card\" content=\"summary_large_image\" \/>\n<script type=\"application\/ld+json\" class=\"yoast-schema-graph\">{\"@context\":\"https:\\\/\\\/schema.org\",\"@graph\":[{\"@type\":\"WebPage\",\"@id\":\"https:\\\/\\\/www.bbk-sachsenanhalt.de\\\/en\\\/school-project-application-form-for-schools\\\/\",\"url\":\"https:\\\/\\\/www.bbk-sachsenanhalt.de\\\/en\\\/school-project-application-form-for-schools\\\/\",\"name\":\"School project application form (for schools) - BBK - Sachsen-Anhalt e.V.\",\"isPartOf\":{\"@id\":\"https:\\\/\\\/www.bbk-sachsenanhalt.de\\\/#website\"},\"datePublished\":\"2025-03-07T10:03:45+00:00\",\"dateModified\":\"2026-03-10T11:05:23+00:00\",\"breadcrumb\":{\"@id\":\"https:\\\/\\\/www.bbk-sachsenanhalt.de\\\/en\\\/school-project-application-form-for-schools\\\/#breadcrumb\"},\"inLanguage\":\"en-US\",\"potentialAction\":[{\"@type\":\"ReadAction\",\"target\":[\"https:\\\/\\\/www.bbk-sachsenanhalt.de\\\/en\\\/school-project-application-form-for-schools\\\/\"]}]},{\"@type\":\"BreadcrumbList\",\"@id\":\"https:\\\/\\\/www.bbk-sachsenanhalt.de\\\/en\\\/school-project-application-form-for-schools\\\/#breadcrumb\",\"itemListElement\":[{\"@type\":\"ListItem\",\"position\":1,\"name\":\"Home\",\"item\":\"https:\\\/\\\/www.bbk-sachsenanhalt.de\\\/en\\\/\"},{\"@type\":\"ListItem\",\"position\":2,\"name\":\"School project application form (for schools)\"}]},{\"@type\":\"WebSite\",\"@id\":\"https:\\\/\\\/www.bbk-sachsenanhalt.de\\\/#website\",\"url\":\"https:\\\/\\\/www.bbk-sachsenanhalt.de\\\/\",\"name\":\"BBK - Sachsen-Anhalt e.V.\",\"description\":\"Berufsverband Bildender K\u00fcnstler Sachsen-Anhalt e. V.\u00a0\",\"potentialAction\":[{\"@type\":\"SearchAction\",\"target\":{\"@type\":\"EntryPoint\",\"urlTemplate\":\"https:\\\/\\\/www.bbk-sachsenanhalt.de\\\/?s={search_term_string}\"},\"query-input\":{\"@type\":\"PropertyValueSpecification\",\"valueRequired\":true,\"valueName\":\"search_term_string\"}}],\"inLanguage\":\"en-US\"}]}<\/script>\n<!-- \/ Yoast SEO plugin. -->","yoast_head_json":{"title":"School project application form (for schools) - BBK - Sachsen-Anhalt e.V.","robots":{"index":"index","follow":"follow","max-snippet":"max-snippet:-1","max-image-preview":"max-image-preview:large","max-video-preview":"max-video-preview:-1"},"canonical":"https:\/\/www.bbk-sachsenanhalt.de\/en\/school-project-application-form-for-schools\/","og_locale":"en_US","og_type":"article","og_title":"School project application form (for schools) - BBK - Sachsen-Anhalt e.V.","og_url":"https:\/\/www.bbk-sachsenanhalt.de\/en\/school-project-application-form-for-schools\/","og_site_name":"BBK - Sachsen-Anhalt e.V.","article_modified_time":"2026-03-10T11:05:23+00:00","twitter_card":"summary_large_image","schema":{"@context":"https:\/\/schema.org","@graph":[{"@type":"WebPage","@id":"https:\/\/www.bbk-sachsenanhalt.de\/en\/school-project-application-form-for-schools\/","url":"https:\/\/www.bbk-sachsenanhalt.de\/en\/school-project-application-form-for-schools\/","name":"School project application form (for schools) - BBK - Sachsen-Anhalt e.V.","isPartOf":{"@id":"https:\/\/www.bbk-sachsenanhalt.de\/#website"},"datePublished":"2025-03-07T10:03:45+00:00","dateModified":"2026-03-10T11:05:23+00:00","breadcrumb":{"@id":"https:\/\/www.bbk-sachsenanhalt.de\/en\/school-project-application-form-for-schools\/#breadcrumb"},"inLanguage":"en-US","potentialAction":[{"@type":"ReadAction","target":["https:\/\/www.bbk-sachsenanhalt.de\/en\/school-project-application-form-for-schools\/"]}]},{"@type":"BreadcrumbList","@id":"https:\/\/www.bbk-sachsenanhalt.de\/en\/school-project-application-form-for-schools\/#breadcrumb","itemListElement":[{"@type":"ListItem","position":1,"name":"Home","item":"https:\/\/www.bbk-sachsenanhalt.de\/en\/"},{"@type":"ListItem","position":2,"name":"School project application form (for schools)"}]},{"@type":"WebSite","@id":"https:\/\/www.bbk-sachsenanhalt.de\/#website","url":"https:\/\/www.bbk-sachsenanhalt.de\/","name":"BBK - Sachsen-Anhalt e.V.","description":"Berufsverband Bildender K\u00fcnstler Sachsen-Anhalt e. V.\u00a0","potentialAction":[{"@type":"SearchAction","target":{"@type":"EntryPoint","urlTemplate":"https:\/\/www.bbk-sachsenanhalt.de\/?s={search_term_string}"},"query-input":{"@type":"PropertyValueSpecification","valueRequired":true,"valueName":"search_term_string"}}],"inLanguage":"en-US"}]}},"_links":{"self":[{"href":"https:\/\/www.bbk-sachsenanhalt.de\/en\/wp-json\/wp\/v2\/pages\/21649","targetHints":{"allow":["GET"]}}],"collection":[{"href":"https:\/\/www.bbk-sachsenanhalt.de\/en\/wp-json\/wp\/v2\/pages"}],"about":[{"href":"https:\/\/www.bbk-sachsenanhalt.de\/en\/wp-json\/wp\/v2\/types\/page"}],"author":[{"embeddable":true,"href":"https:\/\/www.bbk-sachsenanhalt.de\/en\/wp-json\/wp\/v2\/users\/2"}],"replies":[{"embeddable":true,"href":"https:\/\/www.bbk-sachsenanhalt.de\/en\/wp-json\/wp\/v2\/comments?post=21649"}],"version-history":[{"count":2,"href":"https:\/\/www.bbk-sachsenanhalt.de\/en\/wp-json\/wp\/v2\/pages\/21649\/revisions"}],"predecessor-version":[{"id":34210,"href":"https:\/\/www.bbk-sachsenanhalt.de\/en\/wp-json\/wp\/v2\/pages\/21649\/revisions\/34210"}],"wp:attachment":[{"href":"https:\/\/www.bbk-sachsenanhalt.de\/en\/wp-json\/wp\/v2\/media?parent=21649"}],"curies":[{"name":"wp","href":"https:\/\/api.w.org\/{rel}","templated":true}]}}